{"id":9141,"date":"2022-02-11T11:20:25","date_gmt":"2022-02-11T10:20:25","guid":{"rendered":"https:\/\/www.lpehanoi.com\/informations-pratiques\/"},"modified":"2026-04-03T15:46:32","modified_gmt":"2026-04-03T08:46:32","slug":"pratical-information","status":"publish","type":"page","link":"https:\/\/www.lpehanoi.com\/en\/pratical-information\/","title":{"rendered":"Practical information"},"content":{"rendered":"<p>\t\t\t\t<!-- avec ou sans CTA : m\u00eame code, \u00e7a centre verticalement le texte --><\/p>\n<div class=\"smallheader\" id=\"bloc_small_header_6\">\n<style type=\"text\/css\">\n\t\t\t\t\t\t\t#bloc_small_header_6 {background-image: url(https:\/\/www.lpehanoi.com\/wp-content\/uploads\/2024\/03\/DSC00574-610x270.jpg);}\n\t\t\t\t\t\t\t@media (min-width: 480px) {\t#bloc_small_header_6 {background-image: url(https:\/\/www.lpehanoi.com\/wp-content\/uploads\/2024\/03\/DSC00574-610x270.jpg);}}\n\t\t\t\t\t\t\t@media (min-width: 768px) {\t#bloc_small_header_6 {background-image: url(https:\/\/www.lpehanoi.com\/wp-content\/uploads\/2024\/03\/DSC00574-1024x683.jpg);}}\n\t\t\t\t\t\t\t@media (min-width: 992px) { #bloc_small_header_6 {background-image: url(https:\/\/www.lpehanoi.com\/wp-content\/uploads\/2024\/03\/DSC00574-1024x683.jpg);}}\n\t\t\t\t\t\t\t@media (min-width: 1200px) { #bloc_small_header_6 {background-image: url(https:\/\/www.lpehanoi.com\/wp-content\/uploads\/2024\/03\/DSC00574-1536x1024.jpg);}}\n\t\t\t\t\t\t<\/style>\n<div class=\"container d-flex flex-column justify-content-center align-items-start\">\n<h1><span>Practical information<\/span><\/h1>\n<\/p><\/div>\n<\/p><\/div>\n<div class=\"blocmedia blocmedia--textright blocmedia--nocolor\" id=\"bloc_2_7\">\n<div class=\"container\">\n<div class=\"row\">\n<div class=\"col-12 col-md-6\">\n<div class=\"slider\">\n<div id=\"slider-bloc_2_7\" class=\"flexslider flexslider--blocmedia loading\">\n<ul class=\"slides list-unstyled\">\n<li class=\"slider-li\">\n\t\t\t\t\t\t\t\t\t\t     \t<a data-fancybox=\"rel-slider-bloc_2_7\" data-caption=\"\" href=\"https:\/\/www.lpehanoi.com\/wp-content\/uploads\/2024\/03\/DSC00329-722x564.jpg\"><br \/>\n\t\t\t\t\t\t\t\t\t\t\t\t\t<img decoding=\"async\" class=\"img-fluid\" src=\"https:\/\/www.lpehanoi.com\/wp-content\/uploads\/2024\/03\/DSC00329-722x564.jpg\" width=\"\" height=\"\" alt=\"\"><br \/>\n\t\t\t\t\t\t\t\t\t\t\t\t<\/a>\n\t\t\t\t\t\t\t\t\t\t     <\/li>\n<\/ul><\/div>\n<\/p><\/div>\n<\/p><\/div>\n<div class=\"col-12 col-md-5 d-flex flex-column justify-content-center align-items-start mb-2 mb-md-0\">\n<div class=\"text\">\n<h2><span>Calendar &#038; academic year<\/span><\/h2>\n<p>La Petite Ecole Hanoi respects the child&#8217;s rhythm and follows the guidelines of the Agence pour l&#8217;Enseignement Fran\u00e7ais \u00e0 l&#8217;\u00c9tranger (AEFE) regarding alternating work and rest periods. The school also adapts to its host country, and its calendar is based on public holidays and annual holiday periods. The school year normally starts in early September and ends in early July&#8230;<\/p>\n<p>\t\t\t\t\t\t<!-- Changer la classe de couleur du bouton en fonction de la couleur g\u00e9n\u00e9rale du bloc --><\/p>\n<div class=\"bloc_cta\" >\n<p><a class=\"btn btn--nocolor\" href=\"https:\/\/www.lpehanoi.com\/wp-content\/uploads\/2025\/04\/1.pdf\" target=\"\">Download the calendar<\/a>\t\t\t\t\t<\/div>\n<\/p><\/div>\n<\/p><\/div>\n<\/p><\/div>\n<\/p><\/div>\n<\/div>\n<div class=\"blocmedia blocmedia--textleft blocmedia--color4\" id=\"bloc_2_8\">\n<div class=\"container\">\n<div class=\"row\">\n<div class=\"col-12 col-md-6\">\n<div class=\"slider\">\n<div id=\"slider-bloc_2_8\" class=\"flexslider flexslider--blocmedia loading\">\n<ul class=\"slides list-unstyled\">\n<li class=\"slider-li\">\n\t\t\t\t\t\t\t\t\t\t     \t<a data-fancybox=\"rel-slider-bloc_2_8\" data-caption=\"\" href=\"https:\/\/www.lpehanoi.com\/wp-content\/uploads\/2024\/03\/DSC00891-722x564.jpg\"><br \/>\n\t\t\t\t\t\t\t\t\t\t\t\t\t<img decoding=\"async\" class=\"img-fluid\" src=\"https:\/\/www.lpehanoi.com\/wp-content\/uploads\/2024\/03\/DSC00891-722x564.jpg\" width=\"\" height=\"\" alt=\"\"><br \/>\n\t\t\t\t\t\t\t\t\t\t\t\t<\/a>\n\t\t\t\t\t\t\t\t\t\t     <\/li>\n<\/ul><\/div>\n<\/p><\/div>\n<\/p><\/div>\n<div class=\"col-12 col-md-5 d-flex flex-column justify-content-center align-items-start mb-2 mb-md-0\">\n<div class=\"text\">\n<h2><span>Services<\/span><\/h2>\n<p>La Petite Ecole is also a number of services that facilitate the daily lives of families.<\/p>\n<p>\t\t\t\t\t\t<!-- Changer la classe de couleur du bouton en fonction de la couleur g\u00e9n\u00e9rale du bloc --><\/p>\n<div class=\"bloc_cta\" >\n<p><a class=\"btn btn--color4\" href=\"https:\/\/www.lpehanoi.com\/en\/pratical-information\/services\/\" target=\"\">Find out more<\/a>\t\t\t\t\t<\/div>\n<\/p><\/div>\n<\/p><\/div>\n<\/p><\/div>\n<\/p><\/div>\n<\/div>\n<div class=\"blocmedia blocmedia--textright blocmedia--nocolor\" id=\"bloc_2_9\">\n<div class=\"container\">\n<div class=\"row\">\n<div class=\"col-12 col-md-6\">\n<div class=\"slider\">\n<div id=\"slider-bloc_2_9\" class=\"flexslider flexslider--blocmedia loading\">\n<ul class=\"slides list-unstyled\">\n<li class=\"slider-li\">\n\t\t\t\t\t\t\t\t\t\t     \t<a data-fancybox=\"rel-slider-bloc_2_9\" data-caption=\"\" href=\"https:\/\/www.lpehanoi.com\/wp-content\/uploads\/2024\/03\/DSC00833-722x564.jpg\"><br \/>\n\t\t\t\t\t\t\t\t\t\t\t\t\t<img decoding=\"async\" class=\"img-fluid\" src=\"https:\/\/www.lpehanoi.com\/wp-content\/uploads\/2024\/03\/DSC00833-722x564.jpg\" width=\"\" height=\"\" alt=\"\"><br \/>\n\t\t\t\t\t\t\t\t\t\t\t\t<\/a>\n\t\t\t\t\t\t\t\t\t\t     <\/li>\n<\/ul><\/div>\n<\/p><\/div>\n<\/p><\/div>\n<div class=\"col-12 col-md-5 d-flex flex-column justify-content-center align-items-start mb-2 mb-md-0\">\n<div class=\"text\">\n<h2><span>Tuition fees<\/span><\/h2>\n<p>At La Petite Ecole, we believe in access to quality education for all children, and we strive to make this educational experience as transparent and affordable as possible for families.<\/p>\n<p>\t\t\t\t\t\t<!-- Changer la classe de couleur du bouton en fonction de la couleur g\u00e9n\u00e9rale du bloc --><\/p>\n<div class=\"bloc_cta\" >\n<p><a class=\"btn btn--nocolor\" href=\"https:\/\/www.lpehanoi.com\/wp-content\/uploads\/2026\/03\/Tuition-fees-2627.pdf\" target=\"\">Download Tuition fees 2026-2027<\/a>\t\t\t\t\t<\/div>\n<\/p><\/div>\n<\/p><\/div>\n<\/p><\/div>\n<\/p><\/div>\n<\/div>\n<div class=\"blocinfo blocinfo--color4\" id=\"bloc_10_10\">\n<div class=\"container\">\n<div class=\"row\">\n<div class=\"col-12 col-md-6\">\n<h2><span>Do you need any further information?<\/span><\/h2>\n<p>The La Petite Ecole Hanoi team will be happy to answer any questions you may have.<\/p>\n<p>\t\t\t\t<!-- Changer la classe de couleur du bouton en fonction de la couleur g\u00e9n\u00e9rale du bloc --><\/p>\n<div class=\"bloc_cta\" >\n\t<a href=\"https:\/\/www.lpehanoi.com\/en\/contact-us\/\" title=\"Contact us\" target=\"\" class=\"mr-3 btn btn--color4\">Contact us<\/a> \t\t\t\t<\/div>\n<\/p><\/div>\n<\/p><\/div>\n<\/p><\/div>\n<\/div>\n","protected":false},"excerpt":{"rendered":"<p>Practical information Calendar &#038; academic year La Petite Ecole Hanoi respects the child&#8217;s rhythm and follows the guidelines of the [&hellip;]<\/p>\n","protected":false},"author":20,"featured_media":0,"parent":0,"menu_order":230,"comment_status":"closed","ping_status":"closed","template":"","meta":{"_acf_changed":false,"kdcopypost-origin-url":"","kdcopypost-origin-id":"","footnotes":""},"class_list":["post-9141","page","type-page","status-publish","hentry"],"acf":[],"yoast_head":"<!-- This site is optimized with the Yoast SEO plugin v27.2 - https:\/\/yoast.com\/product\/yoast-seo-wordpress\/ -->\n<title>Practical information - LPE Hano\u00ef<\/title>\n<meta name=\"robots\" content=\"index, follow, max-snippet:-1, max-image-preview:large, max-video-preview:-1\" \/>\n<link rel=\"canonical\" href=\"https:\/\/www.lpehanoi.com\/en\/pratical-information\/\" \/>\n<meta property=\"og:locale\" content=\"en_US\" \/>\n<meta property=\"og:type\" content=\"article\" \/>\n<meta property=\"og:title\" content=\"Practical information - LPE Hano\u00ef\" \/>\n<meta property=\"og:description\" content=\"Practical information Calendar &#038; academic year La Petite Ecole Hanoi respects the child&#8217;s rhythm and follows the guidelines of the [&hellip;]\" \/>\n<meta property=\"og:url\" content=\"https:\/\/www.lpehanoi.com\/en\/pratical-information\/\" \/>\n<meta property=\"og:site_name\" content=\"LPE Hano\u00ef\" \/>\n<meta property=\"article:modified_time\" content=\"2026-04-03T08:46:32+00:00\" \/>\n<meta property=\"og:image\" content=\"https:\/\/www.lpehanoi.com\/wp-content\/uploads\/2024\/03\/DSC00329-722x564.jpg\" \/>\n<meta name=\"twitter:card\" content=\"summary_large_image\" \/>\n<meta name=\"twitter:label1\" content=\"Est. reading time\" \/>\n\t<meta name=\"twitter:data1\" content=\"3 minutes\" \/>\n<script type=\"application\/ld+json\" class=\"yoast-schema-graph\">{\"@context\":\"https:\/\/schema.org\",\"@graph\":[{\"@type\":\"WebPage\",\"@id\":\"https:\/\/www.lpehanoi.com\/en\/pratical-information\/\",\"url\":\"https:\/\/www.lpehanoi.com\/en\/pratical-information\/\",\"name\":\"Practical information - LPE Hano\u00ef\",\"isPartOf\":{\"@id\":\"https:\/\/www.lpehanoi.com\/en\/#website\"},\"primaryImageOfPage\":{\"@id\":\"https:\/\/www.lpehanoi.com\/en\/pratical-information\/#primaryimage\"},\"image\":{\"@id\":\"https:\/\/www.lpehanoi.com\/en\/pratical-information\/#primaryimage\"},\"thumbnailUrl\":\"https:\/\/www.lpehanoi.com\/wp-content\/uploads\/2024\/03\/DSC00329-722x564.jpg\",\"datePublished\":\"2022-02-11T10:20:25+00:00\",\"dateModified\":\"2026-04-03T08:46:32+00:00\",\"breadcrumb\":{\"@id\":\"https:\/\/www.lpehanoi.com\/en\/pratical-information\/#breadcrumb\"},\"inLanguage\":\"en-US\",\"potentialAction\":[{\"@type\":\"ReadAction\",\"target\":[\"https:\/\/www.lpehanoi.com\/en\/pratical-information\/\"]}]},{\"@type\":\"ImageObject\",\"inLanguage\":\"en-US\",\"@id\":\"https:\/\/www.lpehanoi.com\/en\/pratical-information\/#primaryimage\",\"url\":\"https:\/\/www.lpehanoi.com\/wp-content\/uploads\/2024\/03\/DSC00329-722x564.jpg\",\"contentUrl\":\"https:\/\/www.lpehanoi.com\/wp-content\/uploads\/2024\/03\/DSC00329-722x564.jpg\"},{\"@type\":\"BreadcrumbList\",\"@id\":\"https:\/\/www.lpehanoi.com\/en\/pratical-information\/#breadcrumb\",\"itemListElement\":[{\"@type\":\"ListItem\",\"position\":1,\"name\":\"Accueil\",\"item\":\"https:\/\/www.lpehanoi.com\/en\/\"},{\"@type\":\"ListItem\",\"position\":2,\"name\":\"Practical information\"}]},{\"@type\":\"WebSite\",\"@id\":\"https:\/\/www.lpehanoi.com\/en\/#website\",\"url\":\"https:\/\/www.lpehanoi.com\/en\/\",\"name\":\"LPE Hano\u00ef\",\"description\":\"LPE Hano\u00ef\",\"potentialAction\":[{\"@type\":\"SearchAction\",\"target\":{\"@type\":\"EntryPoint\",\"urlTemplate\":\"https:\/\/www.lpehanoi.com\/en\/?s={search_term_string}\"},\"query-input\":{\"@type\":\"PropertyValueSpecification\",\"valueRequired\":true,\"valueName\":\"search_term_string\"}}],\"inLanguage\":\"en-US\"}]}<\/script>\n<!-- \/ Yoast SEO plugin. -->","yoast_head_json":{"title":"Practical information - LPE Hano\u00ef","robots":{"index":"index","follow":"follow","max-snippet":"max-snippet:-1","max-image-preview":"max-image-preview:large","max-video-preview":"max-video-preview:-1"},"canonical":"https:\/\/www.lpehanoi.com\/en\/pratical-information\/","og_locale":"en_US","og_type":"article","og_title":"Practical information - LPE Hano\u00ef","og_description":"Practical information Calendar &#038; academic year La Petite Ecole Hanoi respects the child&#8217;s rhythm and follows the guidelines of the [&hellip;]","og_url":"https:\/\/www.lpehanoi.com\/en\/pratical-information\/","og_site_name":"LPE Hano\u00ef","article_modified_time":"2026-04-03T08:46:32+00:00","og_image":[{"url":"https:\/\/www.lpehanoi.com\/wp-content\/uploads\/2024\/03\/DSC00329-722x564.jpg","type":"","width":"","height":""}],"twitter_card":"summary_large_image","twitter_misc":{"Est. reading time":"3 minutes"},"schema":{"@context":"https:\/\/schema.org","@graph":[{"@type":"WebPage","@id":"https:\/\/www.lpehanoi.com\/en\/pratical-information\/","url":"https:\/\/www.lpehanoi.com\/en\/pratical-information\/","name":"Practical information - LPE Hano\u00ef","isPartOf":{"@id":"https:\/\/www.lpehanoi.com\/en\/#website"},"primaryImageOfPage":{"@id":"https:\/\/www.lpehanoi.com\/en\/pratical-information\/#primaryimage"},"image":{"@id":"https:\/\/www.lpehanoi.com\/en\/pratical-information\/#primaryimage"},"thumbnailUrl":"https:\/\/www.lpehanoi.com\/wp-content\/uploads\/2024\/03\/DSC00329-722x564.jpg","datePublished":"2022-02-11T10:20:25+00:00","dateModified":"2026-04-03T08:46:32+00:00","breadcrumb":{"@id":"https:\/\/www.lpehanoi.com\/en\/pratical-information\/#breadcrumb"},"inLanguage":"en-US","potentialAction":[{"@type":"ReadAction","target":["https:\/\/www.lpehanoi.com\/en\/pratical-information\/"]}]},{"@type":"ImageObject","inLanguage":"en-US","@id":"https:\/\/www.lpehanoi.com\/en\/pratical-information\/#primaryimage","url":"https:\/\/www.lpehanoi.com\/wp-content\/uploads\/2024\/03\/DSC00329-722x564.jpg","contentUrl":"https:\/\/www.lpehanoi.com\/wp-content\/uploads\/2024\/03\/DSC00329-722x564.jpg"},{"@type":"BreadcrumbList","@id":"https:\/\/www.lpehanoi.com\/en\/pratical-information\/#breadcrumb","itemListElement":[{"@type":"ListItem","position":1,"name":"Accueil","item":"https:\/\/www.lpehanoi.com\/en\/"},{"@type":"ListItem","position":2,"name":"Practical information"}]},{"@type":"WebSite","@id":"https:\/\/www.lpehanoi.com\/en\/#website","url":"https:\/\/www.lpehanoi.com\/en\/","name":"LPE Hano\u00ef","description":"LPE Hano\u00ef","potentialAction":[{"@type":"SearchAction","target":{"@type":"EntryPoint","urlTemplate":"https:\/\/www.lpehanoi.com\/en\/?s={search_term_string}"},"query-input":{"@type":"PropertyValueSpecification","valueRequired":true,"valueName":"search_term_string"}}],"inLanguage":"en-US"}]}},"_links":{"self":[{"href":"https:\/\/www.lpehanoi.com\/en\/wp-json\/wp\/v2\/pages\/9141","targetHints":{"allow":["GET"]}}],"collection":[{"href":"https:\/\/www.lpehanoi.com\/en\/wp-json\/wp\/v2\/pages"}],"about":[{"href":"https:\/\/www.lpehanoi.com\/en\/wp-json\/wp\/v2\/types\/page"}],"author":[{"embeddable":true,"href":"https:\/\/www.lpehanoi.com\/en\/wp-json\/wp\/v2\/users\/20"}],"replies":[{"embeddable":true,"href":"https:\/\/www.lpehanoi.com\/en\/wp-json\/wp\/v2\/comments?post=9141"}],"version-history":[{"count":25,"href":"https:\/\/www.lpehanoi.com\/en\/wp-json\/wp\/v2\/pages\/9141\/revisions"}],"predecessor-version":[{"id":14737,"href":"https:\/\/www.lpehanoi.com\/en\/wp-json\/wp\/v2\/pages\/9141\/revisions\/14737"}],"wp:attachment":[{"href":"https:\/\/www.lpehanoi.com\/en\/wp-json\/wp\/v2\/media?parent=9141"}],"curies":[{"name":"wp","href":"https:\/\/api.w.org\/{rel}","templated":true}]}}