{"id":9143,"date":"2022-02-11T12:31:20","date_gmt":"2022-02-11T11:31:20","guid":{"rendered":"https:\/\/www.lpehanoi.com\/informations-pratiques\/calendrier-rythme-scolaire\/"},"modified":"2026-04-09T16:52:24","modified_gmt":"2026-04-09T09:52:24","slug":"calendar-academic-year","status":"publish","type":"page","link":"https:\/\/www.lpehanoi.com\/en\/pratical-information\/calendar-academic-year\/","title":{"rendered":"Calendar &#038; academic year"},"content":{"rendered":"<p>\t\t\t\t<!-- avec ou sans CTA : m\u00eame code, \u00e7a centre verticalement le texte --><\/p>\n<div class=\"smallheader\" id=\"bloc_small_header_7\">\n<style type=\"text\/css\">\n\t\t\t\t\t\t\t#bloc_small_header_7 {background-image: url(https:\/\/www.lpehanoi.com\/wp-content\/uploads\/2024\/03\/DSC00574-610x270.jpg);}\n\t\t\t\t\t\t\t@media (min-width: 480px) {\t#bloc_small_header_7 {background-image: url(https:\/\/www.lpehanoi.com\/wp-content\/uploads\/2024\/03\/DSC00574-610x270.jpg);}}\n\t\t\t\t\t\t\t@media (min-width: 768px) {\t#bloc_small_header_7 {background-image: url(https:\/\/www.lpehanoi.com\/wp-content\/uploads\/2024\/03\/DSC00574-1024x683.jpg);}}\n\t\t\t\t\t\t\t@media (min-width: 992px) { #bloc_small_header_7 {background-image: url(https:\/\/www.lpehanoi.com\/wp-content\/uploads\/2024\/03\/DSC00574-1024x683.jpg);}}\n\t\t\t\t\t\t\t@media (min-width: 1200px) { #bloc_small_header_7 {background-image: url(https:\/\/www.lpehanoi.com\/wp-content\/uploads\/2024\/03\/DSC00574-1536x1024.jpg);}}\n\t\t\t\t\t\t<\/style>\n<div class=\"container d-flex flex-column justify-content-center align-items-start\">\n<h1><span>Calendar &#038; academic year<\/span><\/h1>\n<\/p><\/div>\n<\/p><\/div>\n<div class=\"bloc_ctas bloc_cta container pt-2 pb-2 text-center\" id=\"bloc_ctas_8\">\n<div class=\"btns\">\t<a href=\"https:\/\/www.lpehanoi.com\/wp-content\/uploads\/2026\/04\/EN_Calendar-LPE-Hanoi-2026.2027.pdf\" title=\"2026-2027 Calendar\" target=\"_blank\" class=\" ml-1   mr-1  btn btn--color4\">2026-2027 Calendar<\/a> \t<a href=\"https:\/\/www.lpehanoi.com\/wp-content\/uploads\/2025\/04\/1.pdf\" title=\"2025-2026 Calendar\" target=\"_blank\" class=\" ml-1   mr-1  btn btn--color1\">2025-2026 Calendar<\/a> <\/div>\n<\/p><\/div>\n<div class=\"bloctext bloctext--nocolor bloctext--haspattern\" id=\"bloc_6_9\">\n<div class=\"container\">\n<div class=\"row\">\n<div class=\"col-12 col-lg-4 col-xl-3 mb-1\">\n<h2><span>Academic year<\/span><\/h2>\n<\/p><\/div>\n<div class=\"col-12 col-lg-8 col-xl-9\">\n<div class=\"text pl-lg-4\">\n<p><span data-sheets-value=\"{&quot;1&quot;:2,&quot;2&quot;:&quot;La Petite Ecole Hanoi respects the child's rhythm and follows the guidelines of the Agence pour l'Enseignement Fran\u00e7ais \u00e0 l'\u00c9tranger (AEFE) regarding alternating work and rest periods. The school also adapts to its host country, and its calendar is based on public holidays and annual holiday periods. The school year normally starts in early September and ends in early July.&quot;}\" data-sheets-userformat=\"{&quot;2&quot;:13057,&quot;3&quot;:{&quot;1&quot;:0},&quot;11&quot;:4,&quot;12&quot;:0,&quot;15&quot;:&quot;Calibri&quot;,&quot;16&quot;:11}\" data-sheets-textstyleruns=\"{&quot;1&quot;:0}\uee10{&quot;1&quot;:84,&quot;2&quot;:{&quot;6&quot;:1}}\uee10{&quot;1&quot;:133}\">La Petite Ecole Hanoi respects the child&rsquo;s rhythm and follows the guidelines of the Agence pour l&rsquo;Enseignement Fran\u00e7ais \u00e0 l&rsquo;\u00c9tranger (AEFE) regarding alternating work and rest periods. The school also adapts to its host country, and its calendar is based on public holidays and annual holiday periods. The school year normally starts in early September and ends in early July.<\/span><\/p>\n<h4>The calendar for the 2026-2027 school year is now available!<\/h4>\n<\/p><\/div>\n<\/p><\/div>\n<\/p><\/div>\n<\/p><\/div>\n<\/div>\n<div class=\"bloc_ctas bloc_cta container pt-2 pb-2 text-center\" id=\"bloc_ctas_10\"><\/div>\n<div class=\"blocsphotos blocsphotos--nocolor\" id=\"bloc_14_11\">\n<div class=\"container\">\n<div class=\"row\">\n<div class=\"col-6 col-md-3 mb-1 mb-md-0\">\n<div class=\"blocphoto\">\n\t\t\t\t\t<img decoding=\"async\" class=\"img-fluid img-rounded\" src=\"https:\/\/www.lpehanoi.com\/wp-content\/uploads\/2024\/03\/DSC00954-270x310.jpg\" width=\"\" height=\"\" alt=\"\">\n\t\t\t\t<\/div>\n<\/p><\/div>\n<div class=\"col-6 col-md-3 mb-1 mb-md-0\">\n<div class=\"blocphoto\">\n\t\t\t\t\t<img decoding=\"async\" class=\"img-fluid img-rounded\" src=\"https:\/\/www.lpehanoi.com\/wp-content\/uploads\/2024\/03\/DSC00907-270x310.jpg\" width=\"\" height=\"\" alt=\"\">\n\t\t\t\t<\/div>\n<\/p><\/div>\n<div class=\"col-6 col-md-3 mb-1 mb-md-0\">\n<div class=\"blocphoto\">\n\t\t\t\t\t<img decoding=\"async\" class=\"img-fluid img-rounded\" src=\"https:\/\/www.lpehanoi.com\/wp-content\/uploads\/2024\/03\/DSC00800-270x310.jpg\" width=\"\" height=\"\" alt=\"\">\n\t\t\t\t<\/div>\n<\/p><\/div>\n<div class=\"col-6 col-md-3 mb-1 mb-md-0\">\n<div class=\"blocphoto\">\n\t\t\t\t\t<img decoding=\"async\" class=\"img-fluid img-rounded\" src=\"https:\/\/www.lpehanoi.com\/wp-content\/uploads\/2024\/03\/DSC00687-270x310.jpg\" width=\"\" height=\"\" alt=\"\">\n\t\t\t\t<\/div>\n<\/p><\/div>\n<\/p><\/div>\n<\/p><\/div>\n<\/div>\n<div class=\"blocinfo blocinfo--color4\" id=\"bloc_10_12\">\n<div class=\"container\">\n<div class=\"row\">\n<div class=\"col-12 col-md-6\">\n<h2><span>Do you need any further information?<\/span><\/h2>\n<p>The La Petite Ecole Hanoi team will be happy to answer any questions you may have.<\/p>\n<p>\t\t\t\t<!-- Changer la classe de couleur du bouton en fonction de la couleur g\u00e9n\u00e9rale du bloc --><\/p>\n<div class=\"bloc_cta\" >\n\t<a href=\"https:\/\/www.lpehanoi.com\/en\/contact-us\/\" title=\"Contact us\" target=\"\" class=\"mr-3 btn btn--color4\">Contact us<\/a> \t\t\t\t<\/div>\n<\/p><\/div>\n<\/p><\/div>\n<\/p><\/div>\n<\/div>\n","protected":false},"excerpt":{"rendered":"<p>Calendar &#038; academic year 2026-2027 Calendar 2025-2026 Calendar Academic year La Petite Ecole Hanoi respects the child&rsquo;s rhythm and follows [&hellip;]<\/p>\n","protected":false},"author":20,"featured_media":0,"parent":9141,"menu_order":240,"comment_status":"closed","ping_status":"closed","template":"","meta":{"_acf_changed":false,"kdcopypost-origin-url":"","kdcopypost-origin-id":"","footnotes":""},"class_list":["post-9143","page","type-page","status-publish","hentry"],"acf":[],"yoast_head":"<!-- This site is optimized with the Yoast SEO plugin v27.2 - https:\/\/yoast.com\/product\/yoast-seo-wordpress\/ -->\n<title>Calendar &amp; academic year - LPE Hano\u00ef<\/title>\n<meta name=\"description\" content=\"View the academic calendar of La Petite Ecole Hanoi, an AEFE-accredited international French school in Hanoi. Key school dates, holidays, and events at a glance.\" \/>\n<meta name=\"robots\" content=\"index, follow, max-snippet:-1, max-image-preview:large, max-video-preview:-1\" \/>\n<link rel=\"canonical\" href=\"https:\/\/www.lpehanoi.com\/en\/pratical-information\/calendar-academic-year\/\" \/>\n<meta property=\"og:locale\" content=\"en_US\" \/>\n<meta property=\"og:type\" content=\"article\" \/>\n<meta property=\"og:title\" content=\"Calendar &amp; academic year - LPE Hano\u00ef\" \/>\n<meta property=\"og:description\" content=\"View the academic calendar of La Petite Ecole Hanoi, an AEFE-accredited international French school in Hanoi. Key school dates, holidays, and events at a glance.\" \/>\n<meta property=\"og:url\" content=\"https:\/\/www.lpehanoi.com\/en\/pratical-information\/calendar-academic-year\/\" \/>\n<meta property=\"og:site_name\" content=\"LPE Hano\u00ef\" \/>\n<meta property=\"article:modified_time\" content=\"2026-04-09T09:52:24+00:00\" \/>\n<meta property=\"og:image\" content=\"https:\/\/www.lpehanoi.com\/wp-content\/uploads\/2024\/03\/DSC00954-270x310.jpg\" \/>\n<meta name=\"twitter:card\" content=\"summary_large_image\" \/>\n<meta name=\"twitter:label1\" content=\"Est. reading time\" \/>\n\t<meta name=\"twitter:data1\" content=\"3 minutes\" \/>\n<script type=\"application\/ld+json\" class=\"yoast-schema-graph\">{\"@context\":\"https:\/\/schema.org\",\"@graph\":[{\"@type\":\"WebPage\",\"@id\":\"https:\/\/www.lpehanoi.com\/en\/pratical-information\/calendar-academic-year\/\",\"url\":\"https:\/\/www.lpehanoi.com\/en\/pratical-information\/calendar-academic-year\/\",\"name\":\"Calendar & academic year - LPE Hano\u00ef\",\"isPartOf\":{\"@id\":\"https:\/\/www.lpehanoi.com\/en\/#website\"},\"primaryImageOfPage\":{\"@id\":\"https:\/\/www.lpehanoi.com\/en\/pratical-information\/calendar-academic-year\/#primaryimage\"},\"image\":{\"@id\":\"https:\/\/www.lpehanoi.com\/en\/pratical-information\/calendar-academic-year\/#primaryimage\"},\"thumbnailUrl\":\"https:\/\/www.lpehanoi.com\/wp-content\/uploads\/2024\/03\/DSC00954-270x310.jpg\",\"datePublished\":\"2022-02-11T11:31:20+00:00\",\"dateModified\":\"2026-04-09T09:52:24+00:00\",\"description\":\"View the academic calendar of La Petite Ecole Hanoi, an AEFE-accredited international French school in Hanoi. Key school dates, holidays, and events at a glance.\",\"breadcrumb\":{\"@id\":\"https:\/\/www.lpehanoi.com\/en\/pratical-information\/calendar-academic-year\/#breadcrumb\"},\"inLanguage\":\"en-US\",\"potentialAction\":[{\"@type\":\"ReadAction\",\"target\":[\"https:\/\/www.lpehanoi.com\/en\/pratical-information\/calendar-academic-year\/\"]}]},{\"@type\":\"ImageObject\",\"inLanguage\":\"en-US\",\"@id\":\"https:\/\/www.lpehanoi.com\/en\/pratical-information\/calendar-academic-year\/#primaryimage\",\"url\":\"https:\/\/www.lpehanoi.com\/wp-content\/uploads\/2024\/03\/DSC00954-270x310.jpg\",\"contentUrl\":\"https:\/\/www.lpehanoi.com\/wp-content\/uploads\/2024\/03\/DSC00954-270x310.jpg\"},{\"@type\":\"BreadcrumbList\",\"@id\":\"https:\/\/www.lpehanoi.com\/en\/pratical-information\/calendar-academic-year\/#breadcrumb\",\"itemListElement\":[{\"@type\":\"ListItem\",\"position\":1,\"name\":\"Accueil\",\"item\":\"https:\/\/www.lpehanoi.com\/en\/\"},{\"@type\":\"ListItem\",\"position\":2,\"name\":\"Practical information\",\"item\":\"https:\/\/www.lpehanoi.com\/en\/pratical-information\/\"},{\"@type\":\"ListItem\",\"position\":3,\"name\":\"Calendar &#038; academic year\"}]},{\"@type\":\"WebSite\",\"@id\":\"https:\/\/www.lpehanoi.com\/en\/#website\",\"url\":\"https:\/\/www.lpehanoi.com\/en\/\",\"name\":\"LPE Hano\u00ef\",\"description\":\"LPE Hano\u00ef\",\"potentialAction\":[{\"@type\":\"SearchAction\",\"target\":{\"@type\":\"EntryPoint\",\"urlTemplate\":\"https:\/\/www.lpehanoi.com\/en\/?s={search_term_string}\"},\"query-input\":{\"@type\":\"PropertyValueSpecification\",\"valueRequired\":true,\"valueName\":\"search_term_string\"}}],\"inLanguage\":\"en-US\"}]}<\/script>\n<!-- \/ Yoast SEO plugin. -->","yoast_head_json":{"title":"Calendar & academic year - LPE Hano\u00ef","description":"View the academic calendar of La Petite Ecole Hanoi, an AEFE-accredited international French school in Hanoi. Key school dates, holidays, and events at a glance.","robots":{"index":"index","follow":"follow","max-snippet":"max-snippet:-1","max-image-preview":"max-image-preview:large","max-video-preview":"max-video-preview:-1"},"canonical":"https:\/\/www.lpehanoi.com\/en\/pratical-information\/calendar-academic-year\/","og_locale":"en_US","og_type":"article","og_title":"Calendar & academic year - LPE Hano\u00ef","og_description":"View the academic calendar of La Petite Ecole Hanoi, an AEFE-accredited international French school in Hanoi. Key school dates, holidays, and events at a glance.","og_url":"https:\/\/www.lpehanoi.com\/en\/pratical-information\/calendar-academic-year\/","og_site_name":"LPE Hano\u00ef","article_modified_time":"2026-04-09T09:52:24+00:00","og_image":[{"url":"https:\/\/www.lpehanoi.com\/wp-content\/uploads\/2024\/03\/DSC00954-270x310.jpg","type":"","width":"","height":""}],"twitter_card":"summary_large_image","twitter_misc":{"Est. reading time":"3 minutes"},"schema":{"@context":"https:\/\/schema.org","@graph":[{"@type":"WebPage","@id":"https:\/\/www.lpehanoi.com\/en\/pratical-information\/calendar-academic-year\/","url":"https:\/\/www.lpehanoi.com\/en\/pratical-information\/calendar-academic-year\/","name":"Calendar & academic year - LPE Hano\u00ef","isPartOf":{"@id":"https:\/\/www.lpehanoi.com\/en\/#website"},"primaryImageOfPage":{"@id":"https:\/\/www.lpehanoi.com\/en\/pratical-information\/calendar-academic-year\/#primaryimage"},"image":{"@id":"https:\/\/www.lpehanoi.com\/en\/pratical-information\/calendar-academic-year\/#primaryimage"},"thumbnailUrl":"https:\/\/www.lpehanoi.com\/wp-content\/uploads\/2024\/03\/DSC00954-270x310.jpg","datePublished":"2022-02-11T11:31:20+00:00","dateModified":"2026-04-09T09:52:24+00:00","description":"View the academic calendar of La Petite Ecole Hanoi, an AEFE-accredited international French school in Hanoi. Key school dates, holidays, and events at a glance.","breadcrumb":{"@id":"https:\/\/www.lpehanoi.com\/en\/pratical-information\/calendar-academic-year\/#breadcrumb"},"inLanguage":"en-US","potentialAction":[{"@type":"ReadAction","target":["https:\/\/www.lpehanoi.com\/en\/pratical-information\/calendar-academic-year\/"]}]},{"@type":"ImageObject","inLanguage":"en-US","@id":"https:\/\/www.lpehanoi.com\/en\/pratical-information\/calendar-academic-year\/#primaryimage","url":"https:\/\/www.lpehanoi.com\/wp-content\/uploads\/2024\/03\/DSC00954-270x310.jpg","contentUrl":"https:\/\/www.lpehanoi.com\/wp-content\/uploads\/2024\/03\/DSC00954-270x310.jpg"},{"@type":"BreadcrumbList","@id":"https:\/\/www.lpehanoi.com\/en\/pratical-information\/calendar-academic-year\/#breadcrumb","itemListElement":[{"@type":"ListItem","position":1,"name":"Accueil","item":"https:\/\/www.lpehanoi.com\/en\/"},{"@type":"ListItem","position":2,"name":"Practical information","item":"https:\/\/www.lpehanoi.com\/en\/pratical-information\/"},{"@type":"ListItem","position":3,"name":"Calendar &#038; academic year"}]},{"@type":"WebSite","@id":"https:\/\/www.lpehanoi.com\/en\/#website","url":"https:\/\/www.lpehanoi.com\/en\/","name":"LPE Hano\u00ef","description":"LPE Hano\u00ef","potentialAction":[{"@type":"SearchAction","target":{"@type":"EntryPoint","urlTemplate":"https:\/\/www.lpehanoi.com\/en\/?s={search_term_string}"},"query-input":{"@type":"PropertyValueSpecification","valueRequired":true,"valueName":"search_term_string"}}],"inLanguage":"en-US"}]}},"_links":{"self":[{"href":"https:\/\/www.lpehanoi.com\/en\/wp-json\/wp\/v2\/pages\/9143","targetHints":{"allow":["GET"]}}],"collection":[{"href":"https:\/\/www.lpehanoi.com\/en\/wp-json\/wp\/v2\/pages"}],"about":[{"href":"https:\/\/www.lpehanoi.com\/en\/wp-json\/wp\/v2\/types\/page"}],"author":[{"embeddable":true,"href":"https:\/\/www.lpehanoi.com\/en\/wp-json\/wp\/v2\/users\/20"}],"replies":[{"embeddable":true,"href":"https:\/\/www.lpehanoi.com\/en\/wp-json\/wp\/v2\/comments?post=9143"}],"version-history":[{"count":40,"href":"https:\/\/www.lpehanoi.com\/en\/wp-json\/wp\/v2\/pages\/9143\/revisions"}],"predecessor-version":[{"id":14832,"href":"https:\/\/www.lpehanoi.com\/en\/wp-json\/wp\/v2\/pages\/9143\/revisions\/14832"}],"up":[{"embeddable":true,"href":"https:\/\/www.lpehanoi.com\/en\/wp-json\/wp\/v2\/pages\/9141"}],"wp:attachment":[{"href":"https:\/\/www.lpehanoi.com\/en\/wp-json\/wp\/v2\/media?parent=9143"}],"curies":[{"name":"wp","href":"https:\/\/api.w.org\/{rel}","templated":true}]}}