{"id":15191,"date":"2022-02-11T12:39:00","date_gmt":"2022-02-11T11:39:00","guid":{"rendered":"https:\/\/www.lpehanoi.com\/contactez-nous\/"},"modified":"2026-04-29T17:03:26","modified_gmt":"2026-04-29T10:03:26","slug":"lien-he-chung-toi","status":"publish","type":"page","link":"https:\/\/www.lpehanoi.com\/vi\/lien-he-chung-toi\/","title":{"rendered":"Li\u00ean h\u1ec7 v\u1edbi ch\u00fang t\u00f4i"},"content":{"rendered":"<p>\t\t\t\t<!-- avec ou sans CTA : m\u00eame code, \u00e7a centre verticalement le texte --><\/p>\n<div class=\"smallheader\" id=\"bloc_small_header_1\">\n<style type=\"text\/css\">\n\t\t\t\t\t\t\t#bloc_small_header_1 {background-image: url(https:\/\/www.lpehanoi.com\/wp-content\/uploads\/2022\/03\/SMALL_HEADER7-610x268.png);}\n\t\t\t\t\t\t\t@media (min-width: 480px) {\t#bloc_small_header_1 {background-image: url(https:\/\/www.lpehanoi.com\/wp-content\/uploads\/2022\/03\/SMALL_HEADER7-610x268.png);}}\n\t\t\t\t\t\t\t@media (min-width: 768px) {\t#bloc_small_header_1 {background-image: url(https:\/\/www.lpehanoi.com\/wp-content\/uploads\/2022\/03\/SMALL_HEADER7-1024x214.png);}}\n\t\t\t\t\t\t\t@media (min-width: 992px) { #bloc_small_header_1 {background-image: url(https:\/\/www.lpehanoi.com\/wp-content\/uploads\/2022\/03\/SMALL_HEADER7-1024x214.png);}}\n\t\t\t\t\t\t\t@media (min-width: 1200px) { #bloc_small_header_1 {background-image: url(https:\/\/www.lpehanoi.com\/wp-content\/uploads\/2022\/03\/SMALL_HEADER7.png);}}\n\t\t\t\t\t\t<\/style>\n<div class=\"container d-flex flex-column justify-content-center align-items-start\">\n<h1><span>Li\u00ean h\u1ec7 v\u1edbi ch\u00fang t\u00f4i <\/span><\/h1>\n<\/p><\/div>\n<\/p><\/div>\n<div class=\"container mt-2 mb-2\">\n<div class=\"row justify-content-center\">\n<div class=\"col-12 col-lg-8 \">\n<div class=\"section-form\" id=\"bloc_formulaire_2\">\n<div class=\"container\">\n<div class=\"row justify-content-center\">\n<div class=\"col-12 col-lg-11\">\n<h2><span>Tr\u01b0\u1eddng Qu\u1ed1c t\u1ebf Ph\u00e1p La Petite Ecole H\u00e0 N\u1ed9i<\/span><\/h2>\n<p class=\"mb-2 mb-md-3\">Vui l\u00f2ng \u0111i\u1ec1n v\u00e0o m\u1eabu b\u00ean d\u01b0\u1edbi \u0111\u1ec3 bi\u1ebft th\u00eam th\u00f4ng tin ho\u1eb7c y\u00eau c\u1ea7u tham quan tr\u01b0\u1eddng.\n<\/p>\n<div role=\"form\" class=\"wpcf7\">\n<p>\t\t\t<iframe width='100%' height='400' src='https:\/\/lpehanoi.eduka.school\/registration\/frame\/2\/482ee1935a36' frameborder=0 border=0 style='border:0; overflow-y: auto;'><\/iframe>\n\t\t\t\t\t\t\t<\/div>\n<\/p><\/div>\n<\/p><\/div>\n<\/p><\/div>\n<\/p><\/div>\n<\/p><\/div>\n<\/p><\/div>\n<\/div>\n<div class=\"blocsphotos blocsphotos--nocolor\" id=\"bloc_14_3\">\n<div class=\"container\">\n<div class=\"row\"><\/div>\n<\/p><\/div>\n<\/div>\n","protected":false},"excerpt":{"rendered":"<p>Li\u00ean h\u1ec7 v\u1edbi ch\u00fang t\u00f4i Tr\u01b0\u1eddng Qu\u1ed1c t\u1ebf Ph\u00e1p La Petite Ecole H\u00e0 N\u1ed9i Vui l\u00f2ng \u0111i\u1ec1n v\u00e0o m\u1eabu b\u00ean [&hellip;]<\/p>\n","protected":false},"author":20,"featured_media":0,"parent":0,"menu_order":360,"comment_status":"closed","ping_status":"closed","template":"","meta":{"_acf_changed":false,"kdcopypost-origin-url":"","kdcopypost-origin-id":"","footnotes":""},"class_list":["post-15191","page","type-page","status-publish","hentry"],"acf":[],"yoast_head":"<!-- This site is optimized with the Yoast SEO plugin v27.2 - https:\/\/yoast.com\/product\/yoast-seo-wordpress\/ -->\n<title>Li\u00ean h\u1ec7 v\u1edbi ch\u00fang t\u00f4i - LPE Ho Chi Minh<\/title>\n<meta name=\"robots\" content=\"index, follow, max-snippet:-1, max-image-preview:large, max-video-preview:-1\" \/>\n<link rel=\"canonical\" href=\"https:\/\/www.lpehanoi.com\/vi\/lien-he-chung-toi\/\" \/>\n<meta property=\"og:locale\" content=\"vi_VN\" \/>\n<meta property=\"og:type\" content=\"article\" \/>\n<meta property=\"og:title\" content=\"Li\u00ean h\u1ec7 v\u1edbi ch\u00fang t\u00f4i - LPE Ho Chi Minh\" \/>\n<meta property=\"og:description\" content=\"Li\u00ean h\u1ec7 v\u1edbi ch\u00fang t\u00f4i Tr\u01b0\u1eddng Qu\u1ed1c t\u1ebf Ph\u00e1p La Petite Ecole H\u00e0 N\u1ed9i Vui l\u00f2ng \u0111i\u1ec1n v\u00e0o m\u1eabu b\u00ean [&hellip;]\" \/>\n<meta property=\"og:url\" content=\"https:\/\/www.lpehanoi.com\/vi\/lien-he-chung-toi\/\" \/>\n<meta property=\"og:site_name\" content=\"LPE Ho Chi Minh\" \/>\n<meta property=\"article:modified_time\" content=\"2026-04-29T10:03:26+00:00\" \/>\n<meta name=\"twitter:card\" content=\"summary_large_image\" \/>\n<meta name=\"twitter:label1\" content=\"Est. reading time\" \/>\n\t<meta name=\"twitter:data1\" content=\"1 minute\" \/>\n<script type=\"application\/ld+json\" class=\"yoast-schema-graph\">{\"@context\":\"https:\/\/schema.org\",\"@graph\":[{\"@type\":\"WebPage\",\"@id\":\"https:\/\/www.lpehanoi.com\/vi\/lien-he-chung-toi\/\",\"url\":\"https:\/\/www.lpehanoi.com\/vi\/lien-he-chung-toi\/\",\"name\":\"Li\u00ean h\u1ec7 v\u1edbi ch\u00fang t\u00f4i - LPE Ho Chi Minh\",\"isPartOf\":{\"@id\":\"https:\/\/www.lpehanoi.com\/vi\/#website\"},\"datePublished\":\"2022-02-11T11:39:00+00:00\",\"dateModified\":\"2026-04-29T10:03:26+00:00\",\"breadcrumb\":{\"@id\":\"https:\/\/www.lpehanoi.com\/vi\/lien-he-chung-toi\/#breadcrumb\"},\"inLanguage\":\"vi-VN\",\"potentialAction\":[{\"@type\":\"ReadAction\",\"target\":[\"https:\/\/www.lpehanoi.com\/vi\/lien-he-chung-toi\/\"]}]},{\"@type\":\"BreadcrumbList\",\"@id\":\"https:\/\/www.lpehanoi.com\/vi\/lien-he-chung-toi\/#breadcrumb\",\"itemListElement\":[{\"@type\":\"ListItem\",\"position\":1,\"name\":\"Accueil\",\"item\":\"https:\/\/www.lpehanoi.com\/vi\/\"},{\"@type\":\"ListItem\",\"position\":2,\"name\":\"Li\u00ean h\u1ec7 v\u1edbi ch\u00fang t\u00f4i\"}]},{\"@type\":\"WebSite\",\"@id\":\"https:\/\/www.lpehanoi.com\/vi\/#website\",\"url\":\"https:\/\/www.lpehanoi.com\/vi\/\",\"name\":\"LPE Ho Chi Minh\",\"description\":\"LPE Ho Chi Minh\",\"potentialAction\":[{\"@type\":\"SearchAction\",\"target\":{\"@type\":\"EntryPoint\",\"urlTemplate\":\"https:\/\/www.lpehanoi.com\/vi\/?s={search_term_string}\"},\"query-input\":{\"@type\":\"PropertyValueSpecification\",\"valueRequired\":true,\"valueName\":\"search_term_string\"}}],\"inLanguage\":\"vi-VN\"}]}<\/script>\n<!-- \/ Yoast SEO plugin. -->","yoast_head_json":{"title":"Li\u00ean h\u1ec7 v\u1edbi ch\u00fang t\u00f4i - LPE Ho Chi Minh","robots":{"index":"index","follow":"follow","max-snippet":"max-snippet:-1","max-image-preview":"max-image-preview:large","max-video-preview":"max-video-preview:-1"},"canonical":"https:\/\/www.lpehanoi.com\/vi\/lien-he-chung-toi\/","og_locale":"vi_VN","og_type":"article","og_title":"Li\u00ean h\u1ec7 v\u1edbi ch\u00fang t\u00f4i - LPE Ho Chi Minh","og_description":"Li\u00ean h\u1ec7 v\u1edbi ch\u00fang t\u00f4i Tr\u01b0\u1eddng Qu\u1ed1c t\u1ebf Ph\u00e1p La Petite Ecole H\u00e0 N\u1ed9i Vui l\u00f2ng \u0111i\u1ec1n v\u00e0o m\u1eabu b\u00ean [&hellip;]","og_url":"https:\/\/www.lpehanoi.com\/vi\/lien-he-chung-toi\/","og_site_name":"LPE Ho Chi Minh","article_modified_time":"2026-04-29T10:03:26+00:00","twitter_card":"summary_large_image","twitter_misc":{"Est. reading time":"1 minute"},"schema":{"@context":"https:\/\/schema.org","@graph":[{"@type":"WebPage","@id":"https:\/\/www.lpehanoi.com\/vi\/lien-he-chung-toi\/","url":"https:\/\/www.lpehanoi.com\/vi\/lien-he-chung-toi\/","name":"Li\u00ean h\u1ec7 v\u1edbi ch\u00fang t\u00f4i - LPE Ho Chi Minh","isPartOf":{"@id":"https:\/\/www.lpehanoi.com\/vi\/#website"},"datePublished":"2022-02-11T11:39:00+00:00","dateModified":"2026-04-29T10:03:26+00:00","breadcrumb":{"@id":"https:\/\/www.lpehanoi.com\/vi\/lien-he-chung-toi\/#breadcrumb"},"inLanguage":"vi-VN","potentialAction":[{"@type":"ReadAction","target":["https:\/\/www.lpehanoi.com\/vi\/lien-he-chung-toi\/"]}]},{"@type":"BreadcrumbList","@id":"https:\/\/www.lpehanoi.com\/vi\/lien-he-chung-toi\/#breadcrumb","itemListElement":[{"@type":"ListItem","position":1,"name":"Accueil","item":"https:\/\/www.lpehanoi.com\/vi\/"},{"@type":"ListItem","position":2,"name":"Li\u00ean h\u1ec7 v\u1edbi ch\u00fang t\u00f4i"}]},{"@type":"WebSite","@id":"https:\/\/www.lpehanoi.com\/vi\/#website","url":"https:\/\/www.lpehanoi.com\/vi\/","name":"LPE Ho Chi Minh","description":"LPE Ho Chi Minh","potentialAction":[{"@type":"SearchAction","target":{"@type":"EntryPoint","urlTemplate":"https:\/\/www.lpehanoi.com\/vi\/?s={search_term_string}"},"query-input":{"@type":"PropertyValueSpecification","valueRequired":true,"valueName":"search_term_string"}}],"inLanguage":"vi-VN"}]}},"_links":{"self":[{"href":"https:\/\/www.lpehanoi.com\/vi\/wp-json\/wp\/v2\/pages\/15191","targetHints":{"allow":["GET"]}}],"collection":[{"href":"https:\/\/www.lpehanoi.com\/vi\/wp-json\/wp\/v2\/pages"}],"about":[{"href":"https:\/\/www.lpehanoi.com\/vi\/wp-json\/wp\/v2\/types\/page"}],"author":[{"embeddable":true,"href":"https:\/\/www.lpehanoi.com\/vi\/wp-json\/wp\/v2\/users\/20"}],"replies":[{"embeddable":true,"href":"https:\/\/www.lpehanoi.com\/vi\/wp-json\/wp\/v2\/comments?post=15191"}],"version-history":[{"count":4,"href":"https:\/\/www.lpehanoi.com\/vi\/wp-json\/wp\/v2\/pages\/15191\/revisions"}],"predecessor-version":[{"id":15219,"href":"https:\/\/www.lpehanoi.com\/vi\/wp-json\/wp\/v2\/pages\/15191\/revisions\/15219"}],"wp:attachment":[{"href":"https:\/\/www.lpehanoi.com\/vi\/wp-json\/wp\/v2\/media?parent=15191"}],"curies":[{"name":"wp","href":"https:\/\/api.w.org\/{rel}","templated":true}]}}